{"id":418,"date":"2022-07-12T14:25:28","date_gmt":"2022-07-12T12:25:28","guid":{"rendered":"http:\/\/oselosier.fr\/?page_id=418"},"modified":"2024-06-04T08:56:47","modified_gmt":"2024-06-04T06:56:47","slug":"a_propos","status":"publish","type":"page","link":"https:\/\/oselosier.fr\/index.php\/a_propos\/","title":{"rendered":"Qui est Os\u00e9losier ?"},"content":{"rendered":"<p>[et_pb_section fb_built=\u00a0\u00bb1&Prime; custom_padding_last_edited=\u00a0\u00bbon|phone\u00a0\u00bb _builder_version=\u00a0\u00bb4.17.6&Prime; _module_preset=\u00a0\u00bb6c882ca9-8035-4f03-8439-630b37d79331&Prime; custom_margin=\u00a0\u00bb||-3%||false|false\u00a0\u00bb custom_padding_tablet=\u00a0\u00bb0px||||false|false\u00a0\u00bb custom_padding_phone=\u00a0\u00bb0px||||false|false\u00a0\u00bb saved_tabs=\u00a0\u00bball\u00a0\u00bb global_colors_info=\u00a0\u00bb{}\u00a0\u00bb][et_pb_row _builder_version=\u00a0\u00bb4.17.4&Prime; _module_preset=\u00a0\u00bbdefault\u00a0\u00bb custom_margin=\u00a0\u00bb|auto|-18px|auto||\u00a0\u00bb global_colors_info=\u00a0\u00bb{}\u00a0\u00bb][et_pb_column type=\u00a0\u00bb4_4&Prime; _builder_version=\u00a0\u00bb4.17.4&Prime; _module_preset=\u00a0\u00bbdefault\u00a0\u00bb global_colors_info=\u00a0\u00bb{}\u00a0\u00bb][et_pb_post_title meta=\u00a0\u00bboff\u00a0\u00bb featured_image=\u00a0\u00bboff\u00a0\u00bb admin_label=\u00a0\u00bbTitre du poste\u00a0\u00bb _builder_version=\u00a0\u00bb4.18.0&Prime; _module_preset=\u00a0\u00bbdefault\u00a0\u00bb title_font=\u00a0\u00bbMartel|900|||||||\u00a0\u00bb title_font_size=\u00a0\u00bb28px\u00a0\u00bb title_line_height=\u00a0\u00bb50px\u00a0\u00bb custom_margin=\u00a0\u00bb||17px|||\u00a0\u00bb global_colors_info=\u00a0\u00bb{}\u00a0\u00bb][\/et_pb_post_title][et_pb_image src=\u00a0\u00bbhttp:\/\/oselosier.fr\/wp-content\/uploads\/2022\/07\/a-propos.png\u00a0\u00bb alt=\u00a0\u00bbOs\u00e9losier\u00a0\u00bb title_text=\u00a0\u00bbOs\u00e9losier\u00a0\u00bb _builder_version=\u00a0\u00bb4.17.6&Prime; _module_preset=\u00a0\u00bbdefault\u00a0\u00bb width=\u00a0\u00bb73%\u00a0\u00bb module_alignment=\u00a0\u00bbcenter\u00a0\u00bb global_colors_info=\u00a0\u00bb{}\u00a0\u00bb][\/et_pb_image][\/et_pb_column][\/et_pb_row][\/et_pb_section][et_pb_section fb_built=\u00a0\u00bb1&Prime; custom_padding_last_edited=\u00a0\u00bbon|phone\u00a0\u00bb _builder_version=\u00a0\u00bb4.17.4&Prime; _module_preset=\u00a0\u00bbdefault\u00a0\u00bb min_height=\u00a0\u00bb559.6px\u00a0\u00bb custom_padding_tablet=\u00a0\u00bb\u00a0\u00bb custom_padding_phone=\u00a0\u00bb0px||||false|false\u00a0\u00bb global_colors_info=\u00a0\u00bb{}\u00a0\u00bb][et_pb_row custom_padding_last_edited=\u00a0\u00bbon|tablet\u00a0\u00bb _builder_version=\u00a0\u00bb4.17.6&Prime; _module_preset=\u00a0\u00bbdefault\u00a0\u00bb custom_margin=\u00a0\u00bb|auto||auto|false|false\u00a0\u00bb custom_padding=\u00a0\u00bb||||false|false\u00a0\u00bb custom_padding_tablet=\u00a0\u00bb||0px||false|false\u00a0\u00bb custom_padding_phone=\u00a0\u00bb||0px||false|false\u00a0\u00bb global_colors_info=\u00a0\u00bb{}\u00a0\u00bb][et_pb_column type=\u00a0\u00bb4_4&Prime; _builder_version=\u00a0\u00bb4.17.4&Prime; _module_preset=\u00a0\u00bbdefault\u00a0\u00bb global_colors_info=\u00a0\u00bb{}\u00a0\u00bb][et_pb_text _builder_version=\u00a0\u00bb4.17.6&Prime; _module_preset=\u00a0\u00bbdefault\u00a0\u00bb text_font=\u00a0\u00bbSarala||||||||\u00a0\u00bb text_text_color=\u00a0\u00bb#07010A\u00a0\u00bb text_font_size=\u00a0\u00bb18px\u00a0\u00bb text_line_height=\u00a0\u00bb1.75em\u00a0\u00bb global_colors_info=\u00a0\u00bb{}\u00a0\u00bb]<\/p>\n<p>Je m&rsquo;appelle Sarah FASQUEL, et j<span>\u2019habite entre le plateau de Langres et le pays vannier, en Haute-Marne, non loin de Fayl-Billot, capitale de la vannerie<\/span>. Autrefois ce secteur vivait principalement de cet artisanat, mais aujourd&rsquo;hui les vanniers se font rares. Pourtant depuis quelques ann\u00e9es, la tendance revient aux mat\u00e9riaux naturels et durables. J&rsquo;ai donc choisi de me former \u00e0 cet a<i>rt&#8230;isanat<\/i>\u00a0afin de contribuer \u00e0 la survie de cette culture locale.<\/p>\n<p>[\/et_pb_text][et_pb_text _builder_version=\u00a0\u00bb4.17.6&Prime; _module_preset=\u00a0\u00bbdefault\u00a0\u00bb background_image=\u00a0\u00bbhttp:\/\/oselosier.fr\/wp-content\/uploads\/2022\/07\/20220610_120608-scaled.jpg\u00a0\u00bb custom_padding=\u00a0\u00bb230px||230px||true|false\u00a0\u00bb border_radii=\u00a0\u00bbon|40px|40px|40px|40px\u00a0\u00bb global_colors_info=\u00a0\u00bb{}\u00a0\u00bb][\/et_pb_text][et_pb_text _builder_version=\u00a0\u00bb4.17.4&Prime; _module_preset=\u00a0\u00bbdefault\u00a0\u00bb text_font=\u00a0\u00bbSarala||||||||\u00a0\u00bb text_text_color=\u00a0\u00bb#07010A\u00a0\u00bb text_font_size=\u00a0\u00bb18px\u00a0\u00bb text_line_height=\u00a0\u00bb1.75em\u00a0\u00bb global_colors_info=\u00a0\u00bb{}\u00a0\u00bb]<\/p>\n<p>Fra\u00eechement sortie de l&rsquo;Ecole Nationale d&rsquo;Osi\u00e9riculture et de Vannerie de Fayl-Billot, avec un \u00a0BPREA en poche, j&rsquo;ai ouvert un atelier \/ boutique chez moi, \u00e0 Chalindrey.\u00a0<\/p>\n<p>Dans ce local, les clients ou simples visiteurs peuvent me voir travailler et\/ou se laisser tenter par un objet ou l&rsquo;envie d&rsquo;apprendre. En effet, j&rsquo;ai pr\u00e9vu un atelier suffisamment grand pour pouvoir organiser des petits stages d&rsquo;initiation \u00e0 la vannerie.<\/p>\n<p>[\/et_pb_text][\/et_pb_column][\/et_pb_row][et_pb_row column_structure=\u00a0\u00bb1_2,1_2&Prime; custom_padding_last_edited=\u00a0\u00bbon|phone\u00a0\u00bb _builder_version=\u00a0\u00bb4.17.6&Prime; _module_preset=\u00a0\u00bbdefault\u00a0\u00bb custom_padding=\u00a0\u00bb||||false|false\u00a0\u00bb custom_padding_tablet=\u00a0\u00bb0px||||false|false\u00a0\u00bb custom_padding_phone=\u00a0\u00bb0px||||false|false\u00a0\u00bb global_colors_info=\u00a0\u00bb{}\u00a0\u00bb][et_pb_column type=\u00a0\u00bb1_2&Prime; _builder_version=\u00a0\u00bb4.17.4&Prime; _module_preset=\u00a0\u00bbdefault\u00a0\u00bb global_colors_info=\u00a0\u00bb{}\u00a0\u00bb][et_pb_text _builder_version=\u00a0\u00bb4.17.6&Prime; _module_preset=\u00a0\u00bbdefault\u00a0\u00bb text_font=\u00a0\u00bbSarala||||||||\u00a0\u00bb text_text_color=\u00a0\u00bb#07010A\u00a0\u00bb text_font_size=\u00a0\u00bb18px\u00a0\u00bb text_line_height=\u00a0\u00bb1.75em\u00a0\u00bb custom_margin=\u00a0\u00bb||56px|||\u00a0\u00bb custom_padding=\u00a0\u00bb20px||37px||false|false\u00a0\u00bb custom_padding_tablet=\u00a0\u00bb20px||||false|false\u00a0\u00bb custom_padding_phone=\u00a0\u00bb0px||||false|false\u00a0\u00bb custom_padding_last_edited=\u00a0\u00bbon|phone\u00a0\u00bb global_colors_info=\u00a0\u00bb{}\u00a0\u00bb]<\/p>\n<p>Je suis autonome car je fais pousser ma mati\u00e8re premi\u00e8re et je la transforme. La vannerie ainsi obtenue est vendue en circuit court. Je produis des objets divers de d\u00e9coration mais aussi de la vannerie utilitaire et cr\u00e9ative.<\/p>\n<p>Avec ma production d&rsquo;osier, je propose \u00e9galement mes services en architecture v\u00e9g\u00e9tale (am\u00e9nagement de jardins).<\/p>\n<p>Le chemin pour se rendre jusqu&rsquo;\u00e0 mon atelier est d&rsquo;ailleurs l&rsquo;occasion de d\u00e9couvrir de nombreuses structures, haies, tunnel, que l&rsquo;on peut faire en architecture v\u00e9g\u00e9tale, histoire de susciter l&rsquo;envie en chemin&#8230;<\/p>\n<p>[\/et_pb_text][\/et_pb_column][et_pb_column type=\u00a0\u00bb1_2&Prime; _builder_version=\u00a0\u00bb4.17.4&Prime; _module_preset=\u00a0\u00bbdefault\u00a0\u00bb global_colors_info=\u00a0\u00bb{}\u00a0\u00bb][et_pb_text _builder_version=\u00a0\u00bb4.18.0&Prime; _module_preset=\u00a0\u00bbdefault\u00a0\u00bb background_image=\u00a0\u00bbhttps:\/\/oselosier.fr\/wp-content\/uploads\/2022\/08\/20220804_164015-min-scaled.jpg\u00a0\u00bb custom_padding=\u00a0\u00bb247px|92px|247px||true|false\u00a0\u00bb border_radii=\u00a0\u00bbon|40px|40px|40px|40px\u00a0\u00bb global_colors_info=\u00a0\u00bb{}\u00a0\u00bb][\/et_pb_text][\/et_pb_column][\/et_pb_row][et_pb_row column_structure=\u00a0\u00bb1_2,1_2&Prime; _builder_version=\u00a0\u00bb4.17.4&Prime; _module_preset=\u00a0\u00bbdefault\u00a0\u00bb global_colors_info=\u00a0\u00bb{}\u00a0\u00bb][et_pb_column type=\u00a0\u00bb1_2&Prime; _builder_version=\u00a0\u00bb4.17.4&Prime; _module_preset=\u00a0\u00bbdefault\u00a0\u00bb global_colors_info=\u00a0\u00bb{}\u00a0\u00bb][et_pb_text _builder_version=\u00a0\u00bb4.18.0&Prime; _module_preset=\u00a0\u00bbdefault\u00a0\u00bb background_image=\u00a0\u00bbhttps:\/\/oselosier.fr\/wp-content\/uploads\/2022\/08\/20220807_153903-min-scaled.jpg\u00a0\u00bb min_height=\u00a0\u00bb344.5px\u00a0\u00bb custom_padding=\u00a0\u00bb150px||150px||true|false\u00a0\u00bb border_radii=\u00a0\u00bbon|40px|40px|40px|40px\u00a0\u00bb global_colors_info=\u00a0\u00bb{}\u00a0\u00bb][\/et_pb_text][\/et_pb_column][et_pb_column type=\u00a0\u00bb1_2&Prime; _builder_version=\u00a0\u00bb4.17.4&Prime; _module_preset=\u00a0\u00bbdefault\u00a0\u00bb global_colors_info=\u00a0\u00bb{}\u00a0\u00bb][et_pb_text _builder_version=\u00a0\u00bb4.17.6&Prime; _module_preset=\u00a0\u00bbdefault\u00a0\u00bb text_font=\u00a0\u00bbSarala||||||||\u00a0\u00bb text_text_color=\u00a0\u00bb#07010A\u00a0\u00bb text_font_size=\u00a0\u00bb18px\u00a0\u00bb text_line_height=\u00a0\u00bb1.75em\u00a0\u00bb custom_padding=\u00a0\u00bb20px||0px||false|false\u00a0\u00bb custom_padding_tablet=\u00a0\u00bb20px||0px||false|false\u00a0\u00bb custom_padding_phone=\u00a0\u00bb0px||||false|false\u00a0\u00bb custom_padding_last_edited=\u00a0\u00bbon|phone\u00a0\u00bb global_colors_info=\u00a0\u00bb{}\u00a0\u00bb]<\/p>\n<p>Ma formation initiale \u00e9tant orient\u00e9e sur les m\u00e9tiers de l&rsquo;animation, je souhaite non seulement accueillir du public pour des stages d&rsquo;initiation, mais aussi, dans un futur proche, des groupes pour des visites culturelles autour du cycle de l&rsquo;osier. Je propose \u00e9galement mes services en animations vanni\u00e8res, \u00e0 domicile ou aupr\u00e8s d&rsquo;\u00e9tablissements demandeurs.<\/p>\n<p>A terme, je souhaiterais \u00e9galement produire suffisamment d&rsquo;osier pour pouvoir en vendre, car l&rsquo;osier fran\u00e7ais est de grande qualit\u00e9 mais se fait rare. Bref, les id\u00e9es ne manquent pas !<\/p>\n<p>[\/et_pb_text][\/et_pb_column][\/et_pb_row][et_pb_row custom_padding_last_edited=\u00a0\u00bbon|tablet\u00a0\u00bb _builder_version=\u00a0\u00bb4.17.6&Prime; _module_preset=\u00a0\u00bbdefault\u00a0\u00bb custom_padding_tablet=\u00a0\u00bb0px||||false|false\u00a0\u00bb custom_padding_phone=\u00a0\u00bb0px||||false|false\u00a0\u00bb global_colors_info=\u00a0\u00bb{}\u00a0\u00bb][et_pb_column type=\u00a0\u00bb4_4&Prime; _builder_version=\u00a0\u00bb4.17.4&Prime; _module_preset=\u00a0\u00bbdefault\u00a0\u00bb global_colors_info=\u00a0\u00bb{}\u00a0\u00bb][et_pb_text _builder_version=\u00a0\u00bb4.21.0&Prime; _module_preset=\u00a0\u00bbdefault\u00a0\u00bb background_image=\u00a0\u00bbhttps:\/\/oselosier.fr\/wp-content\/uploads\/2023\/02\/Trame-principale-de-Miimosa-2-3.jpg\u00a0\u00bb custom_padding=\u00a0\u00bb200px||200px||true|false\u00a0\u00bb border_radii=\u00a0\u00bbon|40px|40px|40px|40px\u00a0\u00bb global_colors_info=\u00a0\u00bb{}\u00a0\u00bb][\/et_pb_text][\/et_pb_column][\/et_pb_row][\/et_pb_section]<\/p>\n","protected":false},"excerpt":{"rendered":"<p>Os\u00e9losier est l&rsquo;entreprise que j&rsquo;ai lanc\u00e9e chez moi, \u00e0 Chalindrey, dans le pays vannier. Je fais des cr\u00e9ations en osier pour tout type de demande : des paniers, des mangeoires\/nichoires pour oiseaux, des plats \u00e0 tartes, de l&rsquo;architecture v\u00e9g\u00e9tales. Gr\u00e2ce \u00e0 mon dipl\u00f4me d&rsquo;animatrice, je fais \u00e9galement des animations pour montrer mon savoir-faire \u00e0 travers des ateliers de cr\u00e9ation en osier.<\/p>\n","protected":false},"author":3,"featured_media":692,"parent":0,"menu_order":0,"comment_status":"closed","ping_status":"closed","template":"","meta":{"_et_pb_use_builder":"on","_et_pb_old_content":"","_et_gb_content_width":"","footnotes":""},"class_list":["post-418","page","type-page","status-publish","has-post-thumbnail","hentry"],"_links":{"self":[{"href":"https:\/\/oselosier.fr\/index.php\/wp-json\/wp\/v2\/pages\/418","targetHints":{"allow":["GET"]}}],"collection":[{"href":"https:\/\/oselosier.fr\/index.php\/wp-json\/wp\/v2\/pages"}],"about":[{"href":"https:\/\/oselosier.fr\/index.php\/wp-json\/wp\/v2\/types\/page"}],"author":[{"embeddable":true,"href":"https:\/\/oselosier.fr\/index.php\/wp-json\/wp\/v2\/users\/3"}],"replies":[{"embeddable":true,"href":"https:\/\/oselosier.fr\/index.php\/wp-json\/wp\/v2\/comments?post=418"}],"version-history":[{"count":24,"href":"https:\/\/oselosier.fr\/index.php\/wp-json\/wp\/v2\/pages\/418\/revisions"}],"predecessor-version":[{"id":1335,"href":"https:\/\/oselosier.fr\/index.php\/wp-json\/wp\/v2\/pages\/418\/revisions\/1335"}],"wp:featuredmedia":[{"embeddable":true,"href":"https:\/\/oselosier.fr\/index.php\/wp-json\/wp\/v2\/media\/692"}],"wp:attachment":[{"href":"https:\/\/oselosier.fr\/index.php\/wp-json\/wp\/v2\/media?parent=418"}],"curies":[{"name":"wp","href":"https:\/\/api.w.org\/{rel}","templated":true}]}}